{"id":1731,"date":"2023-01-19T17:39:19","date_gmt":"2023-01-19T16:39:19","guid":{"rendered":"https:\/\/acroporas.org\/?page_id=1731"},"modified":"2026-01-28T18:47:14","modified_gmt":"2026-01-28T17:47:14","slug":"home","status":"publish","type":"page","link":"https:\/\/acroporas.org\/en\/","title":{"rendered":"Home"},"content":{"rendered":"\n<div class=\"wp-block-group alignfull is-layout-constrained wp-block-group-is-layout-constrained has-background\" style=\"min-height:350px;background-image:url(&apos;https:\/\/acroporas.org\/wp-content\/uploads\/2026\/01\/tadjourah-vue-aerienne.jpg&apos;);background-position:50% 65%;background-size:cover;\"><\/div>\n\n\n\n<div class=\"wp-block-kallax-grid o-grid u-ai-vcenter\" style=\"margin-top:var(--wp--preset--spacing--60);margin-bottom:var(--wp--preset--spacing--60)\">\n<div class=\"wp-block-kallax-column o-col o-col-5\">\n<h1 class=\"wp-block-heading has-primary-color has-text-color has-xxxl-font-size\">Research and expertise in gender and health equity<\/h1>\n\n\n\n<p class=\"has-contrast-medium-color has-text-color has-md-font-size\">Acroporas is a research and consulting firm specializing in sociology and anthropology, with a focus on health, social inequalities, and gender studies.<\/p>\n\n\n\n<p class=\"has-contrast-medium-color has-text-color has-md-font-size\">It supports public institutions, international organizations, and civil society through intersectional and operational analyses.<\/p>\n\n\n\n<div class=\"wp-block-kallax-buttons o-flex\" style=\"margin-top:var(--wp--preset--spacing--30)\">\n<div class=\"wp-block-kallax-button\"><a href=\"\/en\/?page_id=1777\" class=\"c-button c-button--primary c-button--medium\"><span class=\"c-button__text\">learn more<\/span><\/a><\/div>\n\n\n\n<div class=\"wp-block-kallax-button\"><a href=\"https:\/\/acroporas.org\/en\/contact-us\/\" class=\"c-button c-button--secondary c-button--medium\"><span class=\"c-button__text\">Contact<\/span><\/a><\/div>\n<\/div>\n<\/div>\n\n\n\n<div class=\"wp-block-kallax-column o-col o-col-7\">\n  <div class=\"wp-block-kallax-slider\">\n    <div class=\"swiper swiper-container js-kallax-slider has-pagination\" data-swiper='{\"loop\":true,\"autoplay\":{\"delay\": 3000, \"disableOnInteraction\":false, \"pauseOnMouseEnter\":true },\"pagination\":{\"el\": \".swiper-pagination\", \"type\": \"bullets\", \"clickable\": true },\"navigation\":false,\"autoHeight\":true}' id=\"slider-d5733ec1-d45d-42f9-a450-3650e49837c1\">\n\n      <div class=\"swiper-wrapper\">\n                              <figure class=\"swiper-slide\">\n              <img decoding=\"async\" src=\"https:\/\/acroporas.org\/wp-content\/uploads\/2026\/01\/djibouti-raimbo-ok.jpg\" alt=\"centre ville djibouti\" \/>\n            <\/figure>\n                      <figure class=\"swiper-slide\">\n              <img decoding=\"async\" src=\"https:\/\/acroporas.org\/wp-content\/uploads\/2026\/01\/vue-aerienne-djibouti-e1768720124223.jpg\" alt=\"vue aerienne djibouti\" \/>\n            <\/figure>\n                      <figure class=\"swiper-slide\">\n              <img decoding=\"async\" src=\"https:\/\/acroporas.org\/wp-content\/uploads\/2026\/01\/skyview-of-djibouti-city-ok.webp\" alt=\"skyview of djibouti city ok\" \/>\n            <\/figure>\n                      <figure class=\"swiper-slide\">\n              <img decoding=\"async\" src=\"https:\/\/acroporas.org\/wp-content\/uploads\/2026\/01\/tagore.jpg\" alt=\"tagore\" \/>\n            <\/figure>\n                      <figure class=\"swiper-slide\">\n              <img decoding=\"async\" src=\"https:\/\/acroporas.org\/wp-content\/uploads\/2026\/01\/tadjourah-vue-aerienne.jpg\" alt=\"tadjourah vue aerienne\" \/>\n            <\/figure>\n                      <figure class=\"swiper-slide\">\n              <img decoding=\"async\" src=\"https:\/\/acroporas.org\/wp-content\/uploads\/2026\/01\/tadjourah-gadileh-resort.jpg\" alt=\"tadjourah gadileh resort\" \/>\n            <\/figure>\n                      <figure class=\"swiper-slide\">\n              <img decoding=\"async\" src=\"https:\/\/acroporas.org\/wp-content\/uploads\/2026\/01\/port-de-tagorri-2-tadjourah.jpg\" alt=\"port de tag\u00f3rri 2 tadjourah\" \/>\n            <\/figure>\n                      <figure class=\"swiper-slide\">\n              <img decoding=\"async\" src=\"https:\/\/acroporas.org\/wp-content\/uploads\/2026\/01\/port-de-doraleh-djibouti.jpg\" alt=\"creator: gd jpeg v1.0 (using ijg jpeg v90), quality = 90\" \/>\n            <\/figure>\n                      <figure class=\"swiper-slide\">\n              <img decoding=\"async\" src=\"https:\/\/acroporas.org\/wp-content\/uploads\/2026\/01\/doraleh-port-ok.jpg\" alt=\"doraleh port ok\" \/>\n            <\/figure>\n                      <figure class=\"swiper-slide\">\n              <img decoding=\"async\" src=\"https:\/\/acroporas.org\/wp-content\/uploads\/2026\/01\/djibouti-dev-urbain.png\" alt=\"djibouti dev urbain\" \/>\n            <\/figure>\n                      <figure class=\"swiper-slide\">\n              <img decoding=\"async\" src=\"https:\/\/acroporas.org\/wp-content\/uploads\/2026\/01\/plage-obock.jpeg\" alt=\"plage obock\" \/>\n            <\/figure>\n                      <figure class=\"swiper-slide\">\n              <img decoding=\"async\" src=\"https:\/\/acroporas.org\/wp-content\/uploads\/2026\/01\/ambabo.jpeg\" alt=\"ambabo\" \/>\n            <\/figure>\n                      <figure class=\"swiper-slide\">\n              <img decoding=\"async\" src=\"https:\/\/acroporas.org\/wp-content\/uploads\/2026\/01\/cote-sud-golfe-de-tadjourah.jpeg\" alt=\"cote sud golfe de tadjourah\" \/>\n            <\/figure>\n                      <figure class=\"swiper-slide\">\n              <img decoding=\"async\" src=\"https:\/\/acroporas.org\/wp-content\/uploads\/2026\/01\/jete-nord-obock.jpeg\" alt=\"jete nord obock\" \/>\n            <\/figure>\n                      <figure class=\"swiper-slide\">\n              <img decoding=\"async\" src=\"https:\/\/acroporas.org\/wp-content\/uploads\/2026\/01\/faille-goubet-assal.jpeg\" alt=\"faille goubet assal\" \/>\n            <\/figure>\n                      <figure class=\"swiper-slide\">\n              <img decoding=\"async\" src=\"https:\/\/acroporas.org\/wp-content\/uploads\/2026\/01\/rift-afar.jpeg\" alt=\"rift afar\" \/>\n            <\/figure>\n                      <figure class=\"swiper-slide\">\n              <img decoding=\"async\" src=\"https:\/\/acroporas.org\/wp-content\/uploads\/2026\/01\/sud-ras-siyyan.jpeg\" alt=\"sud ras siyyan\" \/>\n            <\/figure>\n                      <figure class=\"swiper-slide\">\n              <img decoding=\"async\" src=\"https:\/\/acroporas.org\/wp-content\/uploads\/2026\/01\/foret-de-day.jpg\" alt=\"foret de day\" \/>\n            <\/figure>\n                      <figure class=\"swiper-slide\">\n              <img decoding=\"async\" src=\"https:\/\/acroporas.org\/wp-content\/uploads\/2026\/01\/nord-ras-siyyan.jpeg\" alt=\"nord ras siyyan\" \/>\n            <\/figure>\n                      <figure class=\"swiper-slide\">\n              <img decoding=\"async\" src=\"https:\/\/acroporas.org\/wp-content\/uploads\/2026\/01\/vue_aerienne_de_paris_la_place_et_le_marche_daligre_12eme_arrondissement_paris._ph344-6445.jpg\" alt=\"vue a\u00e9rienne de paris la place et le march\u00e9 d'aligre, 12\u00e8me arrondissement, paris. ph344 6445\" \/>\n            <\/figure>\n                      <figure class=\"swiper-slide\">\n              <img decoding=\"async\" src=\"https:\/\/acroporas.org\/wp-content\/uploads\/2026\/01\/place_aligre_-_paris_xii_fr75_-_2022-02-17_-_2.jpg\" alt=\"place aligre paris xii (fr75) 2022 02 17 2\" \/>\n            <\/figure>\n                      <figure class=\"swiper-slide\">\n              <img decoding=\"async\" src=\"https:\/\/acroporas.org\/wp-content\/uploads\/2026\/01\/p1160404_paris_xii_place_daligre_rwk.jpg\" alt=\"p1160404 paris xii place d'aligre rwk\" \/>\n            <\/figure>\n                        <\/div>\n\n              <div class=\"swiper-pagination\"><\/div>\n                \n      \n    <\/div>\n  <\/div>\n\n  <\/div>\n<\/div>\n\n\n\n<div class=\"wp-block-kallax-grid o-grid u-ai-vcenter u-gap-lg\" style=\"margin-top:var(--wp--preset--spacing--40);margin-bottom:var(--wp--preset--spacing--80)\">\n<div class=\"wp-block-kallax-column o-col o-col-7\">\n<div style=\"padding:56.25% 0 0 0;position:relative;\"><iframe src=\"https:\/\/player.vimeo.com\/video\/812326557?h=8e5a1ce3d8&amp;autoplay=1&amp;muted=1&amp;loop=1&amp;autopause=0&amp;player_id=0&amp;app_id=58479&#038;dnt=1\/embed\" allow=\"autoplay; fullscreen; picture-in-picture\" allowfullscreen=\"\" style=\"position:absolute;top:0;left:0;width:100%;height:100%;\" frameborder=\"0\"><\/iframe><\/div>\n<\/div>\n\n\n\n<div class=\"wp-block-kallax-column o-col o-col-5\">\n<h1 class=\"wp-block-heading has-text-align-left has-primary-color has-text-color has-xxl-font-size\">Educate to prevent<\/h1>\n\n\n\n<p class=\"has-contrast-medium-color has-text-color has-lg-font-size\">3D educational materials on female genital mutilation and female reproductive and sexual anatomy<\/p>\n\n\n\n<div style=\"margin-top:var(--wp--preset--spacing--30)\" class=\"wp-block-kallax-button\"><a href=\"http:\/\/acroporas.org\/boutique\/\" class=\"c-button c-button--primary c-button--medium\"><span class=\"c-button__text\">buy online<\/span><\/a><\/div>\n<\/div>\n<\/div>\n\n\n\n<div class=\"wp-block-kallax-grid o-grid u-gap-xl\" style=\"margin-top:var(--wp--preset--spacing--60);margin-bottom:var(--wp--preset--spacing--80)\">\n<div class=\"wp-block-kallax-column o-col o-col-4\">\n<figure class=\"wp-block-image aligncenter size-full\"><img loading=\"lazy\" decoding=\"async\" width=\"80\" height=\"81\" src=\"https:\/\/acroporas.org\/wp-content\/uploads\/2023\/01\/tool.png\" alt=\"\" class=\"wp-image-72\" srcset=\"https:\/\/acroporas.org\/wp-content\/uploads\/2023\/01\/tool.png 80w, https:\/\/acroporas.org\/wp-content\/uploads\/2023\/01\/tool-150x150.png 150w, https:\/\/acroporas.org\/wp-content\/uploads\/2023\/01\/tool-700x700.png 700w, https:\/\/acroporas.org\/wp-content\/uploads\/2023\/01\/tool-300x300.png 300w, https:\/\/acroporas.org\/wp-content\/uploads\/2023\/01\/tool-100x100.png 100w\" sizes=\"auto, (max-width: 80px) 100vw, 80px\" \/><\/figure>\n\n\n\n<h3 class=\"wp-block-heading has-text-align-center has-contrast-medium-color has-text-color\" style=\"text-transform:lowercase\">educational tools<\/h3>\n\n\n\n<p class=\"has-text-align-center\">Our clear and accessible 3D educational resources on female genital mutilation and the female body help to improve understanding of the anatomy of the female reproductive system and reinforce information on sexual health.<\/p>\n\n\n\n<div style=\"margin-top:var(--wp--preset--spacing--20);text-align:center\" class=\"wp-block-kallax-button\"><a href=\"http:\/\/acroporas.org\/nos-services\/\" class=\"c-button c-button--tertiary c-button--medium c-button--arrow\"><span class=\"c-button__text\">learn more<\/span><span class=\"c-button__icon c-icon\" aria-hidden=\"true\"><svg xmlns=\"http:\/\/www.w3.org\/2000\/svg\" x=\"0\" y=\"0\" enable-background=\"new 0 0 6 10\" version=\"1.1\" viewBox=\"0 0 6 10\" xml:space=\"preserve\"><path d=\"M1 9.3C.8 9.3.6 9.2.5 9c-.3-.3-.3-.7 0-1l3-3-3-3C.2 1.7.2 1.2.5.9c.3-.3.8-.3 1.1 0l3.5 3.5c.3.3.3.8 0 1.1L1.5 9c-.1.2-.3.3-.5.3z\"><\/path><\/svg><\/span><\/a><\/div>\n<\/div>\n\n\n\n<div class=\"wp-block-kallax-column o-col o-col-4\">\n<figure class=\"wp-block-image aligncenter size-full\"><img loading=\"lazy\" decoding=\"async\" width=\"80\" height=\"80\" src=\"https:\/\/acroporas.org\/wp-content\/uploads\/2023\/01\/research.png\" alt=\"\" class=\"wp-image-69\" srcset=\"https:\/\/acroporas.org\/wp-content\/uploads\/2023\/01\/research.png 80w, https:\/\/acroporas.org\/wp-content\/uploads\/2023\/01\/research-150x150.png 150w, https:\/\/acroporas.org\/wp-content\/uploads\/2023\/01\/research-700x700.png 700w, https:\/\/acroporas.org\/wp-content\/uploads\/2023\/01\/research-300x300.png 300w, https:\/\/acroporas.org\/wp-content\/uploads\/2023\/01\/research-100x100.png 100w\" sizes=\"auto, (max-width: 80px) 100vw, 80px\" \/><\/figure>\n\n\n\n<h3 class=\"wp-block-heading has-text-align-center has-contrast-medium-color has-text-color\" style=\"text-transform:lowercase\">research<\/h3>\n\n\n\n<p class=\"has-text-align-center\">Our team of experts offers research, consulting, and expertise in the fields of health, social inequality, and gender studies.<\/p>\n\n\n\n<div style=\"margin-top:var(--wp--preset--spacing--20);text-align:center\" class=\"wp-block-kallax-button\"><a href=\"http:\/\/acroporas.org\/nos-services\/\" class=\"c-button c-button--tertiary c-button--medium c-button--arrow\"><span class=\"c-button__text\">learn more<\/span><span class=\"c-button__icon c-icon\" aria-hidden=\"true\"><svg xmlns=\"http:\/\/www.w3.org\/2000\/svg\" x=\"0\" y=\"0\" enable-background=\"new 0 0 6 10\" version=\"1.1\" viewBox=\"0 0 6 10\" xml:space=\"preserve\"><path d=\"M1 9.3C.8 9.3.6 9.2.5 9c-.3-.3-.3-.7 0-1l3-3-3-3C.2 1.7.2 1.2.5.9c.3-.3.8-.3 1.1 0l3.5 3.5c.3.3.3.8 0 1.1L1.5 9c-.1.2-.3.3-.5.3z\"><\/path><\/svg><\/span><\/a><\/div>\n<\/div>\n\n\n\n<div class=\"wp-block-kallax-column o-col o-col-4\">\n<figure class=\"wp-block-image aligncenter size-full\"><img loading=\"lazy\" decoding=\"async\" width=\"51\" height=\"67\" src=\"https:\/\/acroporas.org\/wp-content\/uploads\/2023\/01\/formation.png\" alt=\"\" class=\"wp-image-75\"\/><\/figure>\n\n\n\n<h3 class=\"wp-block-heading has-text-align-center has-contrast-medium-color has-text-color\" style=\"text-transform:lowercase\">training<\/h3>\n\n\n\n<p class=\"has-text-align-center\">Our training program is designed to improve and equip you with the tools you need to support women affected by female genital mutilation.<\/p>\n\n\n\n<div style=\"margin-top:var(--wp--preset--spacing--20);text-align:center\" class=\"wp-block-kallax-button\"><a href=\"http:\/\/acroporas.org\/nos-services\/\" class=\"c-button c-button--tertiary c-button--medium c-button--arrow\"><span class=\"c-button__text\">learn more<\/span><span class=\"c-button__icon c-icon\" aria-hidden=\"true\"><svg xmlns=\"http:\/\/www.w3.org\/2000\/svg\" x=\"0\" y=\"0\" enable-background=\"new 0 0 6 10\" version=\"1.1\" viewBox=\"0 0 6 10\" xml:space=\"preserve\"><path d=\"M1 9.3C.8 9.3.6 9.2.5 9c-.3-.3-.3-.7 0-1l3-3-3-3C.2 1.7.2 1.2.5.9c.3-.3.8-.3 1.1 0l3.5 3.5c.3.3.3.8 0 1.1L1.5 9c-.1.2-.3.3-.5.3z\"><\/path><\/svg><\/span><\/a><\/div>\n<\/div>\n<\/div>\n\n\n\n<div class=\"wp-block-kallax-grid alignwide o-grid\" style=\"margin-top:var(--wp--preset--spacing--60);margin-bottom:var(--wp--preset--spacing--80)\">\n<div class=\"wp-block-kallax-column o-col o-col-3 o-col-1@md u-hidden@sm\"><\/div>\n\n\n\n<div class=\"wp-block-kallax-column o-col o-col-6 o-col-10@md o-col-12@sm\">\n<h1 class=\"wp-block-heading has-text-align-center has-primary-color has-text-color\" style=\"text-transform:none\">About Acroporas<\/h1>\n\n\n\n<p class=\"has-text-align-center\">Acroporas is a research and consulting organization in sociology and anthropology, specializing in health, social inequalities, and gender studies. We offer studies, consulting, and training. Acroporas is an innovator in women&#8217;s sexual and reproductive health. We create 3D educational materials on female genital mutilation and the anatomy of the female body as part of our health promotion efforts. Our services are aimed at both professionals and institutions.<\/p>\n\n\n\n<div style=\"text-align:center\" class=\"wp-block-kallax-button\"><a href=\"http:\/\/acroporas.org\/a-propos-de-nous\/\" class=\"c-button c-button--tertiary c-button--medium c-button--arrow\"><span class=\"c-button__text\">learn more<\/span><span class=\"c-button__icon c-icon\" aria-hidden=\"true\"><svg xmlns=\"http:\/\/www.w3.org\/2000\/svg\" x=\"0\" y=\"0\" enable-background=\"new 0 0 6 10\" version=\"1.1\" viewBox=\"0 0 6 10\" xml:space=\"preserve\"><path d=\"M1 9.3C.8 9.3.6 9.2.5 9c-.3-.3-.3-.7 0-1l3-3-3-3C.2 1.7.2 1.2.5.9c.3-.3.8-.3 1.1 0l3.5 3.5c.3.3.3.8 0 1.1L1.5 9c-.1.2-.3.3-.5.3z\"><\/path><\/svg><\/span><\/a><\/div>\n<\/div>\n\n\n\n<div class=\"wp-block-kallax-column o-col o-col-3 o-col-1@md u-hidden@sm\"><\/div>\n<\/div>\n","protected":false},"excerpt":{"rendered":"","protected":false},"author":1,"featured_media":0,"parent":0,"menu_order":0,"comment_status":"closed","ping_status":"closed","template":"","meta":{"_acf_changed":false,"_seopress_robots_primary_cat":"","_seopress_titles_title":"","_seopress_titles_desc":"","_seopress_robots_index":"","_seopress_analysis_target_kw":"","footnotes":""},"class_list":["post-1731","page","type-page","status-publish","hentry"],"acf":[],"_links":{"self":[{"href":"https:\/\/acroporas.org\/en\/wp-json\/wp\/v2\/pages\/1731","targetHints":{"allow":["GET"]}}],"collection":[{"href":"https:\/\/acroporas.org\/en\/wp-json\/wp\/v2\/pages"}],"about":[{"href":"https:\/\/acroporas.org\/en\/wp-json\/wp\/v2\/types\/page"}],"author":[{"embeddable":true,"href":"https:\/\/acroporas.org\/en\/wp-json\/wp\/v2\/users\/1"}],"replies":[{"embeddable":true,"href":"https:\/\/acroporas.org\/en\/wp-json\/wp\/v2\/comments?post=1731"}],"version-history":[{"count":29,"href":"https:\/\/acroporas.org\/en\/wp-json\/wp\/v2\/pages\/1731\/revisions"}],"predecessor-version":[{"id":2066,"href":"https:\/\/acroporas.org\/en\/wp-json\/wp\/v2\/pages\/1731\/revisions\/2066"}],"wp:attachment":[{"href":"https:\/\/acroporas.org\/en\/wp-json\/wp\/v2\/media?parent=1731"}],"curies":[{"name":"wp","href":"https:\/\/api.w.org\/{rel}","templated":true}]}}