{"id":1222,"date":"2024-02-01T15:37:38","date_gmt":"2024-02-01T14:37:38","guid":{"rendered":"https:\/\/acroporas.org\/?post_type=product&#038;p=1222"},"modified":"2024-04-29T16:32:00","modified_gmt":"2024-04-29T14:32:00","slug":"fiches-anatomiques-excision-type-1-excision-type-2-infibulation-lot-de-3-fiches","status":"publish","type":"product","link":"https:\/\/acroporas.org\/en\/product\/fiches-anatomiques-excision-type-1-excision-type-2-infibulation-lot-de-3-fiches\/","title":{"rendered":"Excision type 1, Excision type 2  &#038; Infibulation, lot de 3 fiches"},"content":{"rendered":"<p>Le lot de 3 fiches anatomiques comprend des fiches d\u00e9crivant les 3 techniques d&#8217;alt\u00e9ration du sexe des femmes : l&#8217;excision de type 1, l&#8217;excision de type 2 et l&#8217;infibulation. Chaque fiche pr\u00e9sente la description des diff\u00e9rentes phases techniques des pratiques d&#8217;amputation des tissus et organes sexuels de la vulve. Au travers d\u2019un angle de coupe de lame virtuelle sugg\u00e9r\u00e9e, les parties du clitoris, et des tissus qui ont \u00e9t\u00e9 amput\u00e9es sont expliqu\u00e9es. Elles donnent \u00e0 voir et \u00e0 comprendre son r\u00e9sultat anatomique au travers d\u2019un processus de cicatrisation progressif.<\/p>\n","protected":false},"excerpt":{"rendered":"3 fiches anatomiques d\u00e9crivent et expliquent les pratiques d&#8217;excision type 1, d&#8217;excision de type 2 et de l&#8217;infibulation.","protected":false},"featured_media":1264,"comment_status":"open","ping_status":"closed","template":"","meta":{"_acf_changed":false,"_seopress_robots_primary_cat":"none","_seopress_titles_title":"","_seopress_titles_desc":"","_seopress_robots_index":"","_seopress_analysis_target_kw":""},"product_brand":[],"product_cat":[87],"product_tag":[105,104,133,140,88,101,139,117,102,100,107,106,150,103],"class_list":{"0":"post-1222","1":"product","2":"type-product","3":"status-publish","4":"has-post-thumbnail","6":"product_cat-fiches-anatomiques","7":"product_tag-ablation","8":"product_tag-anatomie-du-sexe-feminin","9":"product_tag-clitoris-3d","10":"product_tag-corps-noir","11":"product_tag-excision-type-1","12":"product_tag-excision-type-2","13":"product_tag-femme-noire","14":"product_tag-illustration-medicale","15":"product_tag-infibulation","16":"product_tag-mutilations-genitales-feminines","17":"product_tag-prevention","18":"product_tag-sante-sexuelle","19":"product_tag-sensibilisation","20":"product_tag-violence-de-genre","22":"first","23":"instock","24":"taxable","25":"shipping-taxable","26":"purchasable","27":"product-type-variable"},"acf":[],"_links":{"self":[{"href":"https:\/\/acroporas.org\/en\/wp-json\/wp\/v2\/product\/1222","targetHints":{"allow":["GET"]}}],"collection":[{"href":"https:\/\/acroporas.org\/en\/wp-json\/wp\/v2\/product"}],"about":[{"href":"https:\/\/acroporas.org\/en\/wp-json\/wp\/v2\/types\/product"}],"replies":[{"embeddable":true,"href":"https:\/\/acroporas.org\/en\/wp-json\/wp\/v2\/comments?post=1222"}],"wp:featuredmedia":[{"embeddable":true,"href":"https:\/\/acroporas.org\/en\/wp-json\/wp\/v2\/media\/1264"}],"wp:attachment":[{"href":"https:\/\/acroporas.org\/en\/wp-json\/wp\/v2\/media?parent=1222"}],"wp:term":[{"taxonomy":"product_brand","embeddable":true,"href":"https:\/\/acroporas.org\/en\/wp-json\/wp\/v2\/product_brand?post=1222"},{"taxonomy":"product_cat","embeddable":true,"href":"https:\/\/acroporas.org\/en\/wp-json\/wp\/v2\/product_cat?post=1222"},{"taxonomy":"product_tag","embeddable":true,"href":"https:\/\/acroporas.org\/en\/wp-json\/wp\/v2\/product_tag?post=1222"}],"curies":[{"name":"wp","href":"https:\/\/api.w.org\/{rel}","templated":true}]}}