{"id":1232,"date":"2024-02-01T15:31:55","date_gmt":"2024-02-01T14:31:55","guid":{"rendered":"https:\/\/acroporas.org\/?post_type=product&#038;p=1232"},"modified":"2024-04-29T16:35:25","modified_gmt":"2024-04-29T14:35:25","slug":"fiches-anatomiques-anatomie-et-rapports-du-clitoris-au-bassin-et-a-lappareil-reproductif-et-digestif-lot-de-3-fiches","status":"publish","type":"product","link":"https:\/\/acroporas.org\/en\/product\/fiches-anatomiques-anatomie-et-rapports-du-clitoris-au-bassin-et-a-lappareil-reproductif-et-digestif-lot-de-3-fiches\/","title":{"rendered":"Anatomie et rapports du clitoris, planche 7 images, lot de 3 fiches"},"content":{"rendered":"<p>Le lot de 3 fiches anatomiques comprend<span class=\"Apple-converted-space\">\u00a0 <\/span>les fiches :<b> <\/b>Anatomie du clitoris &amp; rapports externes ; Anatomie du clitoris &amp; rapports avec les organes ; Anatomie du clitoris &amp; rapports osseux et ligamenteux musculaires.<\/p>\n<p>La fiche <i>Anatomie du clitoris &amp; rapports osseux et ligamenteux musculaires<\/i> propose 7 repr\u00e9sentations visuelles claire et pr\u00e9cise de l&#8217;anatomie du clitoris en rapport avec le bassin, les structures osseuses, ligamenteuse et le p\u00e9rin\u00e9e.<\/p>\n<p>La fiche <i>Anatomie du clitoris &amp; rapports avec les organes<\/i> \u00a0propose 7 repr\u00e9sentations visuelles claire et pr\u00e9cise de l&#8217;anatomie du clitoris en rapport avec les organes de l&#8217;appareil reproductif et digestif sous des angles diff\u00e9rents.<\/p>\n<p>La fiche <i>Anatomie du clitoris &amp; rapports externes<\/i> pr\u00e9sente 7 repr\u00e9sentations visuelles claire et pr\u00e9cise de la description anatomique du clitoris sous diff\u00e9rents angles de vue.<\/p>\n","protected":false},"excerpt":{"rendered":"Le lot de 3 fiches anatomiques comprend<span class=\"Apple-converted-space\">\u00a0 <\/span>les fiches :<b> <\/b>Anatomie du clitoris &amp; rapports externes ; Anatomie du clitoris &amp; rapports avec les organes ; Anatomie du clitoris &amp; rapports osseux et ligamenteux musculaires.","protected":false},"featured_media":1390,"comment_status":"open","ping_status":"closed","template":"","meta":{"_acf_changed":false,"_seopress_robots_primary_cat":"none","_seopress_titles_title":"","_seopress_titles_desc":"","_seopress_robots_index":"","_seopress_analysis_target_kw":""},"product_brand":[],"product_cat":[87],"product_tag":[104,121,113,133,128,122,96,95,114,161,147,163,112,137,153,116,92,156,110,148,120,124,158],"class_list":{"0":"post-1232","1":"product","2":"type-product","3":"status-publish","4":"has-post-thumbnail","6":"product_cat-fiches-anatomiques","7":"product_tag-anatomie-du-sexe-feminin","8":"product_tag-anatomie-intime","9":"product_tag-bassin","10":"product_tag-clitoris-3d","11":"product_tag-complexe-du-clitoris","12":"product_tag-douleurs-vulvaires","13":"product_tag-education-sexuelle","14":"product_tag-gynecologie","15":"product_tag-ligaments","16":"product_tag-muscles-bulbo-caverneux","17":"product_tag-muscles-diaphragme-urogenital","18":"product_tag-muscles-ischio-caverneux","19":"product_tag-nerf-dorsal-clitoris","20":"product_tag-odile-fillod","21":"product_tag-orgasme","22":"product_tag-pelvis","23":"product_tag-perinee","24":"product_tag-pierre-foldes","25":"product_tag-plexus-veineux-de-kobelt","26":"product_tag-sante-psychosexuelle","27":"product_tag-sante-vulvaire","28":"product_tag-sexologie","29":"product_tag-trauma-sexuel","31":"first","32":"instock","33":"taxable","34":"shipping-taxable","35":"purchasable","36":"product-type-variable"},"acf":[],"_links":{"self":[{"href":"https:\/\/acroporas.org\/en\/wp-json\/wp\/v2\/product\/1232","targetHints":{"allow":["GET"]}}],"collection":[{"href":"https:\/\/acroporas.org\/en\/wp-json\/wp\/v2\/product"}],"about":[{"href":"https:\/\/acroporas.org\/en\/wp-json\/wp\/v2\/types\/product"}],"replies":[{"embeddable":true,"href":"https:\/\/acroporas.org\/en\/wp-json\/wp\/v2\/comments?post=1232"}],"wp:featuredmedia":[{"embeddable":true,"href":"https:\/\/acroporas.org\/en\/wp-json\/wp\/v2\/media\/1390"}],"wp:attachment":[{"href":"https:\/\/acroporas.org\/en\/wp-json\/wp\/v2\/media?parent=1232"}],"wp:term":[{"taxonomy":"product_brand","embeddable":true,"href":"https:\/\/acroporas.org\/en\/wp-json\/wp\/v2\/product_brand?post=1232"},{"taxonomy":"product_cat","embeddable":true,"href":"https:\/\/acroporas.org\/en\/wp-json\/wp\/v2\/product_cat?post=1232"},{"taxonomy":"product_tag","embeddable":true,"href":"https:\/\/acroporas.org\/en\/wp-json\/wp\/v2\/product_tag?post=1232"}],"curies":[{"name":"wp","href":"https:\/\/api.w.org\/{rel}","templated":true}]}}