{"id":1236,"date":"2024-02-01T15:31:55","date_gmt":"2024-02-01T14:31:55","guid":{"rendered":"https:\/\/acroporas.org\/?post_type=product&#038;p=1236"},"modified":"2024-04-29T16:33:27","modified_gmt":"2024-04-29T14:33:27","slug":"fiches-anatomiques-chirurgie-reconstructrice-du-clitoris-apres-une-excision-lot-de-3-fiches","status":"publish","type":"product","link":"https:\/\/acroporas.org\/en\/product\/fiches-anatomiques-chirurgie-reconstructrice-du-clitoris-apres-une-excision-lot-de-3-fiches\/","title":{"rendered":"Chirurgie reconstructrice du clitoris apr\u00e8s une excision, lot de 3 fiches"},"content":{"rendered":"<p style=\"font-weight: 400;\">Les 3 fiches pr\u00e9sentent lachirurgie de transposition du clitoris apr\u00e8s une excision de type 2 en d\u00e9crivant et expliquant toutes les phases de la technique du Dr. Pierre Fold\u00e8s.<\/p>\n<p style=\"font-weight: 400;\">\n","protected":false},"excerpt":{"rendered":"Description des diff\u00e9rentes phases de la chirurgie de transposition du clitoris apr\u00e8s une excision d&#8217;apr\u00e8s la technique du Dr. Pierre Fold\u00e8s.","protected":false},"featured_media":1376,"comment_status":"open","ping_status":"closed","template":"","meta":{"_acf_changed":false,"_seopress_robots_primary_cat":"none","_seopress_titles_title":"","_seopress_titles_desc":"","_seopress_robots_index":"","_seopress_analysis_target_kw":""},"product_brand":[],"product_cat":[87],"product_tag":[63,154,133,96,159,152,100,65,156,157,155,148,150,158,103],"class_list":{"0":"post-1236","1":"product","2":"type-product","3":"status-publish","4":"has-post-thumbnail","6":"product_cat-fiches-anatomiques","7":"product_tag-chirurgie-de-transposition","8":"product_tag-chirurgie-reparatrice","9":"product_tag-clitoris-3d","10":"product_tag-education-sexuelle","11":"product_tag-illustration-medicale-et-scientifique","12":"product_tag-information","13":"product_tag-mutilations-genitales-feminines","14":"product_tag-mutilations-sexuelles-feminines","15":"product_tag-pierre-foldes","16":"product_tag-reconstruction-clitoridienne","17":"product_tag-reparation-clitoridienne","18":"product_tag-sante-psychosexuelle","19":"product_tag-sensibilisation","20":"product_tag-trauma-sexuel","21":"product_tag-violence-de-genre","23":"first","24":"instock","25":"taxable","26":"shipping-taxable","27":"purchasable","28":"product-type-variable"},"acf":[],"_links":{"self":[{"href":"https:\/\/acroporas.org\/en\/wp-json\/wp\/v2\/product\/1236","targetHints":{"allow":["GET"]}}],"collection":[{"href":"https:\/\/acroporas.org\/en\/wp-json\/wp\/v2\/product"}],"about":[{"href":"https:\/\/acroporas.org\/en\/wp-json\/wp\/v2\/types\/product"}],"replies":[{"embeddable":true,"href":"https:\/\/acroporas.org\/en\/wp-json\/wp\/v2\/comments?post=1236"}],"wp:featuredmedia":[{"embeddable":true,"href":"https:\/\/acroporas.org\/en\/wp-json\/wp\/v2\/media\/1376"}],"wp:attachment":[{"href":"https:\/\/acroporas.org\/en\/wp-json\/wp\/v2\/media?parent=1236"}],"wp:term":[{"taxonomy":"product_brand","embeddable":true,"href":"https:\/\/acroporas.org\/en\/wp-json\/wp\/v2\/product_brand?post=1236"},{"taxonomy":"product_cat","embeddable":true,"href":"https:\/\/acroporas.org\/en\/wp-json\/wp\/v2\/product_cat?post=1236"},{"taxonomy":"product_tag","embeddable":true,"href":"https:\/\/acroporas.org\/en\/wp-json\/wp\/v2\/product_tag?post=1236"}],"curies":[{"name":"wp","href":"https:\/\/api.w.org\/{rel}","templated":true}]}}