{"id":1300,"date":"2024-01-22T21:19:26","date_gmt":"2024-01-22T20:19:26","guid":{"rendered":"https:\/\/acroporas.org\/?post_type=product&#038;p=1300"},"modified":"2024-04-29T17:52:25","modified_gmt":"2024-04-29T15:52:25","slug":"fiche-anatomique-excision-type-1","status":"publish","type":"product","link":"https:\/\/acroporas.org\/en\/product\/fiche-anatomique-excision-type-1\/","title":{"rendered":"Excision type 1"},"content":{"rendered":"<p>La fiche pr\u00e9sente la description des diff\u00e9rentes phases techniques de la pratique sociale de l\u2019excision de type 1 . \u00a0Au travers d\u2019un angle de coupe de lame virtuelle sugg\u00e9r\u00e9e, les parties du clitoris, et des tissus qui ont \u00e9t\u00e9 amput\u00e9es sont expliqu\u00e9es. Elles donnent \u00e0 voir et \u00e0 comprendre son r\u00e9sultat anatomique au travers d\u2019un processus de cicatrisation progressif.<\/p>\n","protected":false},"excerpt":{"rendered":"Description des diff\u00e9rentes phases techniques de la pratique sociale de l\u2019excision de type 1.","protected":false},"featured_media":1264,"comment_status":"open","ping_status":"closed","template":"","meta":{"_acf_changed":false,"_seopress_robots_primary_cat":"none","_seopress_titles_title":"","_seopress_titles_desc":"","_seopress_robots_index":"","_seopress_analysis_target_kw":""},"product_brand":[],"product_cat":[87],"product_tag":[133,88,151,95,117,152,100,65,107,106,150,124,103],"class_list":{"0":"post-1300","1":"product","2":"type-product","3":"status-publish","4":"has-post-thumbnail","6":"product_cat-fiches-anatomiques","7":"product_tag-clitoris-3d","8":"product_tag-excision-type-1","9":"product_tag-formation","10":"product_tag-gynecologie","11":"product_tag-illustration-medicale","12":"product_tag-information","13":"product_tag-mutilations-genitales-feminines","14":"product_tag-mutilations-sexuelles-feminines","15":"product_tag-prevention","16":"product_tag-sante-sexuelle","17":"product_tag-sensibilisation","18":"product_tag-sexologie","19":"product_tag-violence-de-genre","21":"first","22":"instock","23":"taxable","24":"shipping-taxable","25":"purchasable","26":"product-type-variable"},"acf":[],"_links":{"self":[{"href":"https:\/\/acroporas.org\/en\/wp-json\/wp\/v2\/product\/1300","targetHints":{"allow":["GET"]}}],"collection":[{"href":"https:\/\/acroporas.org\/en\/wp-json\/wp\/v2\/product"}],"about":[{"href":"https:\/\/acroporas.org\/en\/wp-json\/wp\/v2\/types\/product"}],"replies":[{"embeddable":true,"href":"https:\/\/acroporas.org\/en\/wp-json\/wp\/v2\/comments?post=1300"}],"wp:featuredmedia":[{"embeddable":true,"href":"https:\/\/acroporas.org\/en\/wp-json\/wp\/v2\/media\/1264"}],"wp:attachment":[{"href":"https:\/\/acroporas.org\/en\/wp-json\/wp\/v2\/media?parent=1300"}],"wp:term":[{"taxonomy":"product_brand","embeddable":true,"href":"https:\/\/acroporas.org\/en\/wp-json\/wp\/v2\/product_brand?post=1300"},{"taxonomy":"product_cat","embeddable":true,"href":"https:\/\/acroporas.org\/en\/wp-json\/wp\/v2\/product_cat?post=1300"},{"taxonomy":"product_tag","embeddable":true,"href":"https:\/\/acroporas.org\/en\/wp-json\/wp\/v2\/product_tag?post=1300"}],"curies":[{"name":"wp","href":"https:\/\/api.w.org\/{rel}","templated":true}]}}