{"id":1312,"date":"2024-02-01T15:37:36","date_gmt":"2024-02-01T14:37:36","guid":{"rendered":"https:\/\/acroporas.org\/?post_type=product&#038;p=1312"},"modified":"2024-04-29T17:18:03","modified_gmt":"2024-04-29T15:18:03","slug":"fiche-anatomique-anatomie-du-clitoris-rapports-osseux-et-ligamenteux-musculaires-planche-7-images","status":"publish","type":"product","link":"https:\/\/acroporas.org\/en\/product\/fiche-anatomique-anatomie-du-clitoris-rapports-osseux-et-ligamenteux-musculaires-planche-7-images\/","title":{"rendered":"Anatomie du clitoris &#038; rapports osseux et ligamenteux musculaires (planche 7 images)"},"content":{"rendered":"<p>La fiche propose 7 repr\u00e9sentations visuelles claire et pr\u00e9cise de l&#8217;anatomie du clitoris en rapport avec le bassin, les structures osseuses, ligamenteuse et le p\u00e9rin\u00e9e.<\/p>\n","protected":false},"excerpt":{"rendered":"Fiche anatomique avec 7 repr\u00e9sentations visuelles de l&#8217;anatomie du clitoris en rapport avec le bassin, les structures osseuses, et le p\u00e9rin\u00e9e.","protected":false},"featured_media":1388,"comment_status":"open","ping_status":"closed","template":"","meta":{"_acf_changed":false,"_seopress_robots_primary_cat":"none","_seopress_titles_title":"","_seopress_titles_desc":"","_seopress_robots_index":"","_seopress_analysis_target_kw":""},"product_brand":[],"product_cat":[87],"product_tag":[108,145,146,114,94,131,116,92,143,144,93],"class_list":{"0":"post-1312","1":"product","2":"type-product","3":"status-publish","4":"has-post-thumbnail","6":"product_cat-fiches-anatomiques","7":"product_tag-anatomie-clitoris","8":"product_tag-diaphragme-pelvien","9":"product_tag-diaphragme-urogenital","10":"product_tag-ligaments","11":"product_tag-muscles-pelviens","12":"product_tag-os","13":"product_tag-pelvis","14":"product_tag-perinee","15":"product_tag-perinee-anterieur","16":"product_tag-perinee-posterieur","17":"product_tag-plancher-pelvien","19":"first","20":"instock","21":"taxable","22":"shipping-taxable","23":"purchasable","24":"product-type-variable"},"acf":[],"_links":{"self":[{"href":"https:\/\/acroporas.org\/en\/wp-json\/wp\/v2\/product\/1312","targetHints":{"allow":["GET"]}}],"collection":[{"href":"https:\/\/acroporas.org\/en\/wp-json\/wp\/v2\/product"}],"about":[{"href":"https:\/\/acroporas.org\/en\/wp-json\/wp\/v2\/types\/product"}],"replies":[{"embeddable":true,"href":"https:\/\/acroporas.org\/en\/wp-json\/wp\/v2\/comments?post=1312"}],"wp:featuredmedia":[{"embeddable":true,"href":"https:\/\/acroporas.org\/en\/wp-json\/wp\/v2\/media\/1388"}],"wp:attachment":[{"href":"https:\/\/acroporas.org\/en\/wp-json\/wp\/v2\/media?parent=1312"}],"wp:term":[{"taxonomy":"product_brand","embeddable":true,"href":"https:\/\/acroporas.org\/en\/wp-json\/wp\/v2\/product_brand?post=1312"},{"taxonomy":"product_cat","embeddable":true,"href":"https:\/\/acroporas.org\/en\/wp-json\/wp\/v2\/product_cat?post=1312"},{"taxonomy":"product_tag","embeddable":true,"href":"https:\/\/acroporas.org\/en\/wp-json\/wp\/v2\/product_tag?post=1312"}],"curies":[{"name":"wp","href":"https:\/\/api.w.org\/{rel}","templated":true}]}}