{"id":1328,"date":"2024-02-01T15:37:38","date_gmt":"2024-02-01T14:37:38","guid":{"rendered":"https:\/\/acroporas.org\/?post_type=product&#038;p=1328"},"modified":"2024-04-29T16:13:35","modified_gmt":"2024-04-29T14:13:35","slug":"fiche-anatomique-anatomie-du-clitoris-vue-de-face","status":"publish","type":"product","link":"https:\/\/acroporas.org\/en\/product\/fiche-anatomique-anatomie-du-clitoris-vue-de-face\/","title":{"rendered":"Anatomie du clitoris vue de face"},"content":{"rendered":"<p>La fiche<span class=\"Apple-converted-space\">\u00a0 <\/span>pr\u00e9sente les caract\u00e9ristiques des diff\u00e9rentes structures anatomiques du clitoris avec vue de face.<\/p>\n","protected":false},"excerpt":{"rendered":"Description anatomique du clitoris vue de face.","protected":false},"featured_media":1278,"comment_status":"open","ping_status":"closed","template":"","meta":{"_acf_changed":false,"_seopress_robots_primary_cat":"none","_seopress_titles_title":"","_seopress_titles_desc":"","_seopress_robots_index":"","_seopress_analysis_target_kw":""},"product_brand":[],"product_cat":[87],"product_tag":[108,135,134,133,128,138,112,153,111,110,148,149],"class_list":{"0":"post-1328","1":"product","2":"type-product","3":"status-publish","4":"has-post-thumbnail","6":"product_cat-fiches-anatomiques","7":"product_tag-anatomie-clitoris","8":"product_tag-bulbe-vestibulaire","9":"product_tag-bulbo-clitoral","10":"product_tag-clitoris-3d","11":"product_tag-complexe-du-clitoris","12":"product_tag-ligament-suspenseur-du-clitoris","13":"product_tag-nerf-dorsal-clitoris","14":"product_tag-orgasme","15":"product_tag-pilier-du-clitoris","16":"product_tag-plexus-veineux-de-kobelt","17":"product_tag-sante-psychosexuelle","18":"product_tag-sante-femme","20":"first","21":"instock","22":"taxable","23":"shipping-taxable","24":"purchasable","25":"product-type-variable"},"acf":[],"_links":{"self":[{"href":"https:\/\/acroporas.org\/en\/wp-json\/wp\/v2\/product\/1328","targetHints":{"allow":["GET"]}}],"collection":[{"href":"https:\/\/acroporas.org\/en\/wp-json\/wp\/v2\/product"}],"about":[{"href":"https:\/\/acroporas.org\/en\/wp-json\/wp\/v2\/types\/product"}],"replies":[{"embeddable":true,"href":"https:\/\/acroporas.org\/en\/wp-json\/wp\/v2\/comments?post=1328"}],"wp:featuredmedia":[{"embeddable":true,"href":"https:\/\/acroporas.org\/en\/wp-json\/wp\/v2\/media\/1278"}],"wp:attachment":[{"href":"https:\/\/acroporas.org\/en\/wp-json\/wp\/v2\/media?parent=1328"}],"wp:term":[{"taxonomy":"product_brand","embeddable":true,"href":"https:\/\/acroporas.org\/en\/wp-json\/wp\/v2\/product_brand?post=1328"},{"taxonomy":"product_cat","embeddable":true,"href":"https:\/\/acroporas.org\/en\/wp-json\/wp\/v2\/product_cat?post=1328"},{"taxonomy":"product_tag","embeddable":true,"href":"https:\/\/acroporas.org\/en\/wp-json\/wp\/v2\/product_tag?post=1328"}],"curies":[{"name":"wp","href":"https:\/\/api.w.org\/{rel}","templated":true}]}}