{"id":1338,"date":"2024-02-01T15:37:36","date_gmt":"2024-02-01T14:37:36","guid":{"rendered":"https:\/\/acroporas.org\/?post_type=product&#038;p=1338"},"modified":"2024-04-29T16:54:28","modified_gmt":"2024-04-29T14:54:28","slug":"fiche-anatomique-anatomie-du-clitoris-rapports-avec-les-organes","status":"publish","type":"product","link":"https:\/\/acroporas.org\/en\/product\/fiche-anatomique-anatomie-du-clitoris-rapports-avec-les-organes\/","title":{"rendered":"Anatomie du clitoris &#038; rapports avec les organes"},"content":{"rendered":"<p>La fiche pr\u00e9sente la situation anatomique du clitoris dans ses rapports avec le vagin, l&#8217;ur\u00e8tre, la vessie vue ant\u00e9rieure<\/p>\n","protected":false},"excerpt":{"rendered":"Anatomie du clitoris dans ses rapports avec le vagin, l&#8217;ur\u00e8tre, la vessie vue ant\u00e9rieure","protected":false},"featured_media":1288,"comment_status":"open","ping_status":"closed","template":"","meta":{"_acf_changed":false,"_seopress_robots_primary_cat":"none","_seopress_titles_title":"","_seopress_titles_desc":"","_seopress_robots_index":"","_seopress_analysis_target_kw":""},"product_brand":[],"product_cat":[87],"product_tag":[108,128,96,95,126,127,125],"class_list":{"0":"post-1338","1":"product","2":"type-product","3":"status-publish","4":"has-post-thumbnail","6":"product_cat-fiches-anatomiques","7":"product_tag-anatomie-clitoris","8":"product_tag-complexe-du-clitoris","9":"product_tag-education-sexuelle","10":"product_tag-gynecologie","11":"product_tag-uretre","12":"product_tag-vagin","13":"product_tag-vessie","15":"first","16":"instock","17":"taxable","18":"shipping-taxable","19":"purchasable","20":"product-type-variable"},"acf":[],"_links":{"self":[{"href":"https:\/\/acroporas.org\/en\/wp-json\/wp\/v2\/product\/1338","targetHints":{"allow":["GET"]}}],"collection":[{"href":"https:\/\/acroporas.org\/en\/wp-json\/wp\/v2\/product"}],"about":[{"href":"https:\/\/acroporas.org\/en\/wp-json\/wp\/v2\/types\/product"}],"replies":[{"embeddable":true,"href":"https:\/\/acroporas.org\/en\/wp-json\/wp\/v2\/comments?post=1338"}],"wp:featuredmedia":[{"embeddable":true,"href":"https:\/\/acroporas.org\/en\/wp-json\/wp\/v2\/media\/1288"}],"wp:attachment":[{"href":"https:\/\/acroporas.org\/en\/wp-json\/wp\/v2\/media?parent=1338"}],"wp:term":[{"taxonomy":"product_brand","embeddable":true,"href":"https:\/\/acroporas.org\/en\/wp-json\/wp\/v2\/product_brand?post=1338"},{"taxonomy":"product_cat","embeddable":true,"href":"https:\/\/acroporas.org\/en\/wp-json\/wp\/v2\/product_cat?post=1338"},{"taxonomy":"product_tag","embeddable":true,"href":"https:\/\/acroporas.org\/en\/wp-json\/wp\/v2\/product_tag?post=1338"}],"curies":[{"name":"wp","href":"https:\/\/api.w.org\/{rel}","templated":true}]}}