{"id":1358,"date":"2024-02-01T15:37:37","date_gmt":"2024-02-01T14:37:37","guid":{"rendered":"https:\/\/acroporas.org\/?post_type=product&#038;p=1358"},"modified":"2024-04-29T16:45:43","modified_gmt":"2024-04-29T14:45:43","slug":"fiche-anatomique-anatomie-du-clitoris-rapports-avec-bassin-et-ligaments-vue-laterale","status":"publish","type":"product","link":"https:\/\/acroporas.org\/en\/product\/fiche-anatomique-anatomie-du-clitoris-rapports-avec-bassin-et-ligaments-vue-laterale\/","title":{"rendered":"Anatomie du clitoris &#038; rapports avec bassin et ligaments, vue lat\u00e9rale"},"content":{"rendered":"<p>La fiche pr\u00e9sente la situation anatomique du clitoris dans ses rapports avec le bassin et les ligaments, vue lat\u00e9rale.<\/p>\n","protected":false},"excerpt":{"rendered":"Anatomie du clitoris dans ses rapports avec le bassin et les ligaments, vue lat\u00e9rale.","protected":false},"featured_media":1392,"comment_status":"open","ping_status":"closed","template":"","meta":{"_acf_changed":false,"_seopress_robots_primary_cat":"none","_seopress_titles_title":"","_seopress_titles_desc":"","_seopress_robots_index":"","_seopress_analysis_target_kw":""},"product_brand":[],"product_cat":[87],"product_tag":[108,113,115,95,117,114,116],"class_list":{"0":"post-1358","1":"product","2":"type-product","3":"status-publish","4":"has-post-thumbnail","6":"product_cat-fiches-anatomiques","7":"product_tag-anatomie-clitoris","8":"product_tag-bassin","9":"product_tag-corps-humain","10":"product_tag-gynecologie","11":"product_tag-illustration-medicale","12":"product_tag-ligaments","13":"product_tag-pelvis","15":"first","16":"instock","17":"taxable","18":"shipping-taxable","19":"purchasable","20":"product-type-variable"},"acf":[],"_links":{"self":[{"href":"https:\/\/acroporas.org\/en\/wp-json\/wp\/v2\/product\/1358","targetHints":{"allow":["GET"]}}],"collection":[{"href":"https:\/\/acroporas.org\/en\/wp-json\/wp\/v2\/product"}],"about":[{"href":"https:\/\/acroporas.org\/en\/wp-json\/wp\/v2\/types\/product"}],"replies":[{"embeddable":true,"href":"https:\/\/acroporas.org\/en\/wp-json\/wp\/v2\/comments?post=1358"}],"wp:featuredmedia":[{"embeddable":true,"href":"https:\/\/acroporas.org\/en\/wp-json\/wp\/v2\/media\/1392"}],"wp:attachment":[{"href":"https:\/\/acroporas.org\/en\/wp-json\/wp\/v2\/media?parent=1358"}],"wp:term":[{"taxonomy":"product_brand","embeddable":true,"href":"https:\/\/acroporas.org\/en\/wp-json\/wp\/v2\/product_brand?post=1358"},{"taxonomy":"product_cat","embeddable":true,"href":"https:\/\/acroporas.org\/en\/wp-json\/wp\/v2\/product_cat?post=1358"},{"taxonomy":"product_tag","embeddable":true,"href":"https:\/\/acroporas.org\/en\/wp-json\/wp\/v2\/product_tag?post=1358"}],"curies":[{"name":"wp","href":"https:\/\/api.w.org\/{rel}","templated":true}]}}