{"id":1362,"date":"2024-02-01T15:37:38","date_gmt":"2024-02-01T14:37:38","guid":{"rendered":"https:\/\/acroporas.org\/?post_type=product&#038;p=1362"},"modified":"2024-04-29T16:27:33","modified_gmt":"2024-04-29T14:27:33","slug":"fiche-anatomique-anatomie-du-clitoris-et-rapports-externes-vue-laterale","status":"publish","type":"product","link":"https:\/\/acroporas.org\/en\/product\/fiche-anatomique-anatomie-du-clitoris-et-rapports-externes-vue-laterale\/","title":{"rendered":"Anatomie du clitoris et rapports externes vue lat\u00e9rale"},"content":{"rendered":"<p>La fiche pr\u00e9sente une description anatomique du clitoris avec son r\u00e9seau nerveux, art\u00e9riel et veineux, vue lat\u00e9rale.<\/p>\n","protected":false},"excerpt":{"rendered":"Anatomie du clitoris avec son r\u00e9seau nerveux, art\u00e9riel et veineux, vue lat\u00e9rale.","protected":false},"featured_media":1272,"comment_status":"open","ping_status":"closed","template":"","meta":{"_acf_changed":false,"_seopress_robots_primary_cat":"none","_seopress_titles_title":"","_seopress_titles_desc":"","_seopress_robots_index":"","_seopress_analysis_target_kw":""},"product_brand":[],"product_cat":[87],"product_tag":[108,133,159,112,137,111,110,157,106,109],"class_list":{"0":"post-1362","1":"product","2":"type-product","3":"status-publish","4":"has-post-thumbnail","6":"product_cat-fiches-anatomiques","7":"product_tag-anatomie-clitoris","8":"product_tag-clitoris-3d","9":"product_tag-illustration-medicale-et-scientifique","10":"product_tag-nerf-dorsal-clitoris","11":"product_tag-odile-fillod","12":"product_tag-pilier-du-clitoris","13":"product_tag-plexus-veineux-de-kobelt","14":"product_tag-reconstruction-clitoridienne","15":"product_tag-sante-sexuelle","16":"product_tag-systeme-nerveux-arteriel-veineux","18":"first","19":"instock","20":"taxable","21":"shipping-taxable","22":"purchasable","23":"product-type-variable"},"acf":[],"_links":{"self":[{"href":"https:\/\/acroporas.org\/en\/wp-json\/wp\/v2\/product\/1362","targetHints":{"allow":["GET"]}}],"collection":[{"href":"https:\/\/acroporas.org\/en\/wp-json\/wp\/v2\/product"}],"about":[{"href":"https:\/\/acroporas.org\/en\/wp-json\/wp\/v2\/types\/product"}],"replies":[{"embeddable":true,"href":"https:\/\/acroporas.org\/en\/wp-json\/wp\/v2\/comments?post=1362"}],"wp:featuredmedia":[{"embeddable":true,"href":"https:\/\/acroporas.org\/en\/wp-json\/wp\/v2\/media\/1272"}],"wp:attachment":[{"href":"https:\/\/acroporas.org\/en\/wp-json\/wp\/v2\/media?parent=1362"}],"wp:term":[{"taxonomy":"product_brand","embeddable":true,"href":"https:\/\/acroporas.org\/en\/wp-json\/wp\/v2\/product_brand?post=1362"},{"taxonomy":"product_cat","embeddable":true,"href":"https:\/\/acroporas.org\/en\/wp-json\/wp\/v2\/product_cat?post=1362"},{"taxonomy":"product_tag","embeddable":true,"href":"https:\/\/acroporas.org\/en\/wp-json\/wp\/v2\/product_tag?post=1362"}],"curies":[{"name":"wp","href":"https:\/\/api.w.org\/{rel}","templated":true}]}}