{"id":1398,"date":"2024-02-01T15:37:38","date_gmt":"2024-02-01T14:37:38","guid":{"rendered":"https:\/\/acroporas.org\/?post_type=product&#038;p=1398"},"modified":"2024-04-29T16:22:35","modified_gmt":"2024-04-29T14:22:35","slug":"fiche-anatomique-anatomie-du-clitoris-rapports-avec-le-perinee","status":"publish","type":"product","link":"https:\/\/acroporas.org\/en\/product\/fiche-anatomique-anatomie-du-clitoris-rapports-avec-le-perinee\/","title":{"rendered":"Anatomie du clitoris &#038; rapports avec le p\u00e9rin\u00e9e"},"content":{"rendered":"<p>La fiche pr\u00e9sente la situation anatomique du clitoris dans ses rapports avec les diff\u00e9rentes parties du p\u00e9rin\u00e9e.<\/p>\n","protected":false},"excerpt":{"rendered":"Anatomie du clitoris dans ses rapports avec les muscles du p\u00e9rin\u00e9e.","protected":false},"featured_media":1386,"comment_status":"open","ping_status":"closed","template":"","meta":{"_acf_changed":false,"_seopress_robots_primary_cat":"none","_seopress_titles_title":"","_seopress_titles_desc":"","_seopress_robots_index":"","_seopress_analysis_target_kw":""},"product_brand":[],"product_cat":[87],"product_tag":[97,99,133,96,95,94,98,92,93],"class_list":{"0":"post-1398","1":"product","2":"type-product","3":"status-publish","4":"has-post-thumbnail","6":"product_cat-fiches-anatomiques","7":"product_tag-anatomie-humaine","8":"product_tag-clitoris","9":"product_tag-clitoris-3d","10":"product_tag-education-sexuelle","11":"product_tag-gynecologie","12":"product_tag-muscles-pelviens","13":"product_tag-obstetrique","14":"product_tag-perinee","15":"product_tag-plancher-pelvien","17":"first","18":"instock","19":"taxable","20":"shipping-taxable","21":"purchasable","22":"product-type-variable"},"acf":[],"_links":{"self":[{"href":"https:\/\/acroporas.org\/en\/wp-json\/wp\/v2\/product\/1398","targetHints":{"allow":["GET"]}}],"collection":[{"href":"https:\/\/acroporas.org\/en\/wp-json\/wp\/v2\/product"}],"about":[{"href":"https:\/\/acroporas.org\/en\/wp-json\/wp\/v2\/types\/product"}],"replies":[{"embeddable":true,"href":"https:\/\/acroporas.org\/en\/wp-json\/wp\/v2\/comments?post=1398"}],"wp:featuredmedia":[{"embeddable":true,"href":"https:\/\/acroporas.org\/en\/wp-json\/wp\/v2\/media\/1386"}],"wp:attachment":[{"href":"https:\/\/acroporas.org\/en\/wp-json\/wp\/v2\/media?parent=1398"}],"wp:term":[{"taxonomy":"product_brand","embeddable":true,"href":"https:\/\/acroporas.org\/en\/wp-json\/wp\/v2\/product_brand?post=1398"},{"taxonomy":"product_cat","embeddable":true,"href":"https:\/\/acroporas.org\/en\/wp-json\/wp\/v2\/product_cat?post=1398"},{"taxonomy":"product_tag","embeddable":true,"href":"https:\/\/acroporas.org\/en\/wp-json\/wp\/v2\/product_tag?post=1398"}],"curies":[{"name":"wp","href":"https:\/\/api.w.org\/{rel}","templated":true}]}}