{"id":752,"date":"2023-03-03T15:00:55","date_gmt":"2023-03-03T14:00:55","guid":{"rendered":"http:\/\/acroporas.org\/?post_type=product&#038;p=752"},"modified":"2024-02-01T16:35:04","modified_gmt":"2024-02-01T15:35:04","slug":"connaitre-les-mutilations-sexuelles-feminines","status":"publish","type":"product","link":"https:\/\/acroporas.org\/en\/product\/connaitre-les-mutilations-sexuelles-feminines\/","title":{"rendered":"Conna\u00eetre et prendre en charge l&#8217;excision"},"content":{"rendered":"","protected":false},"excerpt":{"rendered":"Apporter \u00a0aux professionnels les outils n\u00e9cessaires pour d\u00e9pister, pr\u00e9venir et prendre en charge les mutilations sexuelles","protected":false},"featured_media":1057,"comment_status":"open","ping_status":"closed","template":"","meta":{"_acf_changed":false,"_seopress_robots_primary_cat":"none","_seopress_titles_title":"","_seopress_titles_desc":"Un module de formation sur les enjeux sociaux et m\u00e9dicaux des pratiques sociales d&#039;alt\u00e9ration du sexe f\u00e9minin. %%post_excerpt%% %%post_excerpt%%","_seopress_robots_index":"","_seopress_analysis_target_kw":""},"product_brand":[],"product_cat":[53],"product_tag":[],"class_list":{"0":"post-752","1":"product","2":"type-product","3":"status-publish","4":"has-post-thumbnail","6":"product_cat-formation","8":"first","9":"instock","10":"virtual","11":"taxable","12":"product-type-simple"},"acf":[],"_links":{"self":[{"href":"https:\/\/acroporas.org\/en\/wp-json\/wp\/v2\/product\/752","targetHints":{"allow":["GET"]}}],"collection":[{"href":"https:\/\/acroporas.org\/en\/wp-json\/wp\/v2\/product"}],"about":[{"href":"https:\/\/acroporas.org\/en\/wp-json\/wp\/v2\/types\/product"}],"replies":[{"embeddable":true,"href":"https:\/\/acroporas.org\/en\/wp-json\/wp\/v2\/comments?post=752"}],"wp:featuredmedia":[{"embeddable":true,"href":"https:\/\/acroporas.org\/en\/wp-json\/wp\/v2\/media\/1057"}],"wp:attachment":[{"href":"https:\/\/acroporas.org\/en\/wp-json\/wp\/v2\/media?parent=752"}],"wp:term":[{"taxonomy":"product_brand","embeddable":true,"href":"https:\/\/acroporas.org\/en\/wp-json\/wp\/v2\/product_brand?post=752"},{"taxonomy":"product_cat","embeddable":true,"href":"https:\/\/acroporas.org\/en\/wp-json\/wp\/v2\/product_cat?post=752"},{"taxonomy":"product_tag","embeddable":true,"href":"https:\/\/acroporas.org\/en\/wp-json\/wp\/v2\/product_tag?post=752"}],"curies":[{"name":"wp","href":"https:\/\/api.w.org\/{rel}","templated":true}]}}